{"id":962,"date":"2021-03-24T17:37:35","date_gmt":"2021-03-24T17:37:35","guid":{"rendered":"https:\/\/dev.losdelvolcan.com\/buendia\/?page_id=962"},"modified":"2025-11-20T11:49:47","modified_gmt":"2025-11-20T11:49:47","slug":"about-us","status":"publish","type":"page","link":"https:\/\/buendiaestudios.com\/en\/about-us\/","title":{"rendered":"About us"},"content":{"rendered":"\n<section class=\"module--header ab-header\">\n\t<div class=\"inner\">\n\t\t<span class=\"lbl\">Buend\u00eda about us<\/span>\n\t<\/div>\n<\/section>\n\n<section class=\"module--main\">\n\t<div class=\"inner\">\n\t\t<div class=\"main-background main-background_page\">\n\t\t\t<img loading=\"lazy\" decoding=\"async\" width=\"2048\" height=\"1152\" src=\"https:\/\/buendiaestudios.com\/media\/2021\/03\/LCDC_CAP01_170820_0476-scaled.jpg\" class=\"attachment-post-thumbnail size-post-thumbnail wp-post-image\" alt=\"\" srcset=\"https:\/\/buendiaestudios.com\/media\/2021\/03\/LCDC_CAP01_170820_0476-scaled.jpg 2048w, https:\/\/buendiaestudios.com\/media\/2021\/03\/LCDC_CAP01_170820_0476-300x169.jpg 300w, https:\/\/buendiaestudios.com\/media\/2021\/03\/LCDC_CAP01_170820_0476-1024x576.jpg 1024w, https:\/\/buendiaestudios.com\/media\/2021\/03\/LCDC_CAP01_170820_0476-768x432.jpg 768w, https:\/\/buendiaestudios.com\/media\/2021\/03\/LCDC_CAP01_170820_0476-1536x864.jpg 1536w\" sizes=\"auto, (max-width: 2048px) 100vw, 2048px\" \/>\t\t<\/div>\n\t\t<div class=\"container-main_info\">\n\t\t\t<div class=\"main-info main-info_bottom\">\n\t\t\t\t<h1 class=\"title\">We are specialists in creating <p>innovative, diverse and unique stories<\/h1>\n\t\t\t<\/div>\n\t\t<\/div>\n\t<\/div>\n<\/section>\n\n\n\n<section class=\"module--text\">\n\t<div class=\"inner\">\n              <span class=\"txt-highlight\">From experience, talent and quality. <\/span>\n                  <span class=\"txt-highlight\">Multi-genre content with a global vocation, aimed at wide audiences. <\/span>\n            <span class=\"txt-highlight txt-highlight_bold\"><\/span>\n\n\t\t<div class=\"wysiwyg\">\n      <p>At Buend\u00eda Estudios, we create, develop, and produce audiovisual content. Our team is our greatest asset: professionals with extensive experience and deep knowledge of the industry, responsible for numerous milestones in Spanish audiovisuals in recent years.<\/p>\n<p>Since our founding in August 2020, Buend\u00eda Estudios has built a solid track record with outstanding productions such as &#8216;\u00c1ngela&#8217; (Atresmedia, Netflix), &#8216;La unidad Kabul&#8217; (Movistar Plus+), the &#8216;Drag Race Espa\u00f1a&#8217; franchise (Wow international, Atresplayer), &#8216;G.E.O. M\u00e1s all\u00e1 del l\u00edmite&#8217; (Prime Video), &#8216;Las noches de Tef\u00eda&#8217;, and &#8216;Cardo&#8217; (Atresplayer). Recently, we have successfully launched series such as &#8216;La canci\u00f3n&#8217;, &#8216;Poquita Fe&#8217;, &#8216;Beguinas&#8217;, &#8216;F\u00edsica o Qu\u00edmica: La nueva generaci\u00f3n&#8217;, and we are currently working on original projects in development and production, including the highly anticipated blockbuster &#8216;Sira&#8217;, among many others.<\/p>\n\t\t<\/div>\n\t<\/div>\n<\/section>\n\n\n\n<hr class=\"wp-block-separator has-css-opacity\"\/>\n\n\n\n<section class=\"module--team\">\n\t<div class=\"inner\">\n\t\t<h2 class=\"title\">Team<\/h2>\n\n\t\t<div class=\"list--team\">\n                              <ul >\n                              <li class=\"fwidth\">\n                    <span class=\"name\">Ignacio Corrales<\/span>\n  \t\t\t\t\t        <span class=\"role\">Managing Director<\/span>\n  \t\t\t\t        <\/li>\n                            <\/ul>\n                                    <span class=\"list--team_title\">Fiction team<\/span>\n                        <ul >\n                              <li class=\"fwidth\">\n                    <span class=\"name\">Laura Abril<\/span>\n  \t\t\t\t\t        <span class=\"role\">EVP Scripted and Global Business Development<\/span>\n  \t\t\t\t        <\/li>\n                                  <li class=\"\">\n                    <span class=\"name\">Sonia Mart\u00ednez<\/span>\n  \t\t\t\t\t        <span class=\"role\">Editorial Director<\/span>\n  \t\t\t\t        <\/li>\n                                  <li class=\"\">\n                    <span class=\"name\">Pepe Ripoll<\/span>\n  \t\t\t\t\t        <span class=\"role\">Executive Producer<\/span>\n  \t\t\t\t        <\/li>\n                                  <li class=\"\">\n                    <span class=\"name\">Borja Echevarr\u00eda<\/span>\n  \t\t\t\t\t        <span class=\"role\">Executive Producer<\/span>\n  \t\t\t\t        <\/li>\n                                  <li class=\"\">\n                    <span class=\"name\">Bego\u00f1a \u00c1lvarez<\/span>\n  \t\t\t\t\t        <span class=\"role\">Executive Producer<\/span>\n  \t\t\t\t        <\/li>\n                                  <li class=\"\">\n                    <span class=\"name\">Eugenio P\u00e9rez<\/span>\n  \t\t\t\t\t        <span class=\"role\">Line Producer<\/span>\n  \t\t\t\t        <\/li>\n                                  <li class=\"\">\n                    <span class=\"name\">Laura Mi\u00f1arro<\/span>\n  \t\t\t\t\t        <span class=\"role\">VP of International Coproduction<\/span>\n  \t\t\t\t        <\/li>\n                                  <li class=\"\">\n                    <span class=\"name\">Tom\u00e1s Silberman<\/span>\n  \t\t\t\t\t        <span class=\"role\">Director of Development<\/span>\n  \t\t\t\t        <\/li>\n                                  <li class=\"\">\n                    <span class=\"name\">Diego Pinillos<\/span>\n  \t\t\t\t\t        <span class=\"role\">Development Screenwriter<\/span>\n  \t\t\t\t        <\/li>\n                                  <li class=\"\">\n                    <span class=\"name\">Pedro Tamames Grasset<\/span>\n  \t\t\t\t\t        <span class=\"role\">Fiction Screenwriter<\/span>\n  \t\t\t\t        <\/li>\n                            <\/ul>\n                                    <span class=\"list--team_title\">UNSCRIPTED team<\/span>\n                        <ul >\n                              <li class=\"fwidth\">\n                    <span class=\"name\">Jorge P\u00e9rez Vega<\/span>\n  \t\t\t\t\t        <span class=\"role\">Director of Entertainment and Documentary Content<\/span>\n  \t\t\t\t        <\/li>\n                                  <li class=\"\">\n                    <span class=\"name\">Lola Ibarreta Larraz\u00e1bal<\/span>\n  \t\t\t\t\t        <span class=\"role\">Head of Talent Shows and Realities<\/span>\n  \t\t\t\t        <\/li>\n                                  <li class=\"\">\n                    <span class=\"name\">\u00d3scar Gonz\u00e1lez M-Moro<\/span>\n  \t\t\t\t\t        <span class=\"role\">Director of Production<\/span>\n  \t\t\t\t        <\/li>\n                                  <li class=\"\">\n                    <span class=\"name\">Salva \u00c1lvarez<\/span>\n  \t\t\t\t\t        <span class=\"role\">Manager of Production<\/span>\n  \t\t\t\t        <\/li>\n                                  <li class=\"\">\n                    <span class=\"name\">Pablo Maeso<\/span>\n  \t\t\t\t\t        <span class=\"role\">Manager of Production<\/span>\n  \t\t\t\t        <\/li>\n                                  <li class=\"\">\n                    <span class=\"name\">Sergio Aguayo<\/span>\n  \t\t\t\t\t        <span class=\"role\">Head of Casting<\/span>\n  \t\t\t\t        <\/li>\n                                  <li class=\"\">\n                    <span class=\"name\">Paloma Montes<\/span>\n  \t\t\t\t\t        <span class=\"role\">Creative of Content<\/span>\n  \t\t\t\t        <\/li>\n                                  <li class=\"\">\n                    <span class=\"name\">Irene del Cerro<\/span>\n  \t\t\t\t\t        <span class=\"role\">Creative of Content<\/span>\n  \t\t\t\t        <\/li>\n                                  <li class=\"\">\n                    <span class=\"name\">Ana\u00eds Berdi\u00e9<\/span>\n  \t\t\t\t\t        <span class=\"role\">Creative of Content<\/span>\n  \t\t\t\t        <\/li>\n                                  <li class=\"\">\n                    <span class=\"name\">Jonathan Ruiz<\/span>\n  \t\t\t\t\t        <span class=\"role\">Creative of Content<\/span>\n  \t\t\t\t        <\/li>\n                                  <li class=\"\">\n                    <span class=\"name\">Pablo Garc\u00eda-In\u00e9s<\/span>\n  \t\t\t\t\t        <span class=\"role\">Director of Documentary Projects<\/span>\n  \t\t\t\t        <\/li>\n                            <\/ul>\n                                    <span class=\"list--team_title\">Branded Content<\/span>\n                        <ul >\n                              <li class=\"fwidth\">\n                    <span class=\"name\">Jaime L\u00f3pez-Amor G\u00e1lvez<\/span>\n  \t\t\t\t\t        <span class=\"role\">Branded Content and Transmedia<\/span>\n  \t\t\t\t        <\/li>\n                            <\/ul>\n                                    <span class=\"list--team_title\">Publicity<\/span>\n                        <ul >\n                              <li class=\"fwidth\">\n                    <span class=\"name\">Eva Soto<\/span>\n  \t\t\t\t\t        <span class=\"role\">Publicity Director<\/span>\n  \t\t\t\t        <\/li>\n                                  <li class=\"\">\n                    <span class=\"name\">Matxu Lambea<\/span>\n  \t\t\t\t\t        <span class=\"role\">Head of Marketing<\/span>\n  \t\t\t\t        <\/li>\n                                  <li class=\"\">\n                    <span class=\"name\">Violeta Mateos<\/span>\n  \t\t\t\t\t        <span class=\"role\">Head of Digital Marketing<\/span>\n  \t\t\t\t        <\/li>\n                            <\/ul>\n                                    <span class=\"list--team_title\">Financial and operations<\/span>\n                        <ul >\n                              <li class=\"fwidth\">\n                    <span class=\"name\">Paulo Lotti<\/span>\n  \t\t\t\t\t        <span class=\"role\">Chief Financial Officer (CFO)<\/span>\n  \t\t\t\t        <\/li>\n                                  <li class=\"fwidth\">\n                    <span class=\"name\">Jaime P\u00e9rez P\u00e1ramo<\/span>\n  \t\t\t\t\t        <span class=\"role\">Operations Director<\/span>\n  \t\t\t\t        <\/li>\n                            <\/ul>\n                                    <span class=\"list--team_title\">Buend\u00eda Estudios Canarias<\/span>\n                        <ul >\n                              <li class=\"fwidth\">\n                    <span class=\"name\">Concha Jaime Legorburo<\/span>\n  \t\t\t\t\t        <span class=\"role\">Managing Director<\/span>\n  \t\t\t\t        <\/li>\n                                  <li class=\"\">\n                    <span class=\"name\">Pedro Ripper<\/span>\n  \t\t\t\t\t        <span class=\"role\">Head of Production and Business Developmen<\/span>\n  \t\t\t\t        <\/li>\n                            <\/ul>\n                                    <span class=\"list--team_title\">Buend\u00eda Estudios Bizkaia<\/span>\n                        <ul >\n                              <li class=\"fwidth\">\n                    <span class=\"name\">Montse Rodr\u00edguez Amado<\/span>\n  \t\t\t\t\t        <span class=\"role\">Managing Director<\/span>\n  \t\t\t\t        <\/li>\n                            <\/ul>\n          \t\t<\/div>\n\t<\/div>\n<\/section>\n\n\n\n<section class=\"module--generic\">\n    <div class=\"wrapper-list_box btn-array default\">\n                          <a href=\"https:\/\/buendiaestudios.com\/compromiso\/\" target=\"_top\"><div class=\"btn\">\n            <span>Compromiso<\/span>\n          <\/div><\/a>\n            <\/div>\n<\/section>\n","protected":false},"excerpt":{"rendered":"","protected":false},"author":1,"featured_media":910,"parent":0,"menu_order":0,"comment_status":"closed","ping_status":"closed","template":"page-about.php","meta":{"_acf_changed":false,"footnotes":""},"class_list":["post-962","page","type-page","status-publish","has-post-thumbnail","hentry"],"acf":[],"yoast_head":"<!-- This site is optimized with the Yoast SEO plugin v27.4 - https:\/\/yoast.com\/product\/yoast-seo-wordpress\/ -->\n<title>About us - Buend\u00eda Estudios<\/title>\n<meta name=\"robots\" content=\"index, follow, max-snippet:-1, max-image-preview:large, max-video-preview:-1\" \/>\n<link rel=\"canonical\" href=\"https:\/\/buendiaestudios.com\/en\/about-us\/\" \/>\n<meta property=\"og:locale\" content=\"en_US\" \/>\n<meta property=\"og:type\" content=\"article\" \/>\n<meta property=\"og:title\" content=\"About us - Buend\u00eda Estudios\" \/>\n<meta property=\"og:url\" content=\"https:\/\/buendiaestudios.com\/en\/about-us\/\" \/>\n<meta property=\"og:site_name\" content=\"Buend\u00eda Estudios\" \/>\n<meta property=\"article:publisher\" content=\"https:\/\/www.facebook.com\/buendiaestudios\" \/>\n<meta property=\"article:modified_time\" content=\"2025-11-20T11:49:47+00:00\" \/>\n<meta property=\"og:image\" content=\"https:\/\/buendiaestudios.com\/media\/2021\/03\/LCDC_CAP01_170820_0476-scaled.jpg\" \/>\n\t<meta property=\"og:image:width\" content=\"2048\" \/>\n\t<meta property=\"og:image:height\" content=\"1152\" \/>\n\t<meta property=\"og:image:type\" content=\"image\/jpeg\" \/>\n<meta name=\"twitter:card\" content=\"summary_large_image\" \/>\n<meta name=\"twitter:site\" content=\"@BuendiaEstudios\" \/>\n<meta name=\"twitter:label1\" content=\"Est. reading time\" \/>\n\t<meta name=\"twitter:data1\" content=\"1 minute\" \/>\n<script type=\"application\/ld+json\" class=\"yoast-schema-graph\">{\"@context\":\"https:\\\/\\\/schema.org\",\"@graph\":[{\"@type\":\"WebPage\",\"@id\":\"https:\\\/\\\/buendiaestudios.com\\\/en\\\/about-us\\\/\",\"url\":\"https:\\\/\\\/buendiaestudios.com\\\/en\\\/about-us\\\/\",\"name\":\"About us - Buend\u00eda Estudios\",\"isPartOf\":{\"@id\":\"https:\\\/\\\/buendiaestudios.com\\\/#website\"},\"primaryImageOfPage\":{\"@id\":\"https:\\\/\\\/buendiaestudios.com\\\/en\\\/about-us\\\/#primaryimage\"},\"image\":{\"@id\":\"https:\\\/\\\/buendiaestudios.com\\\/en\\\/about-us\\\/#primaryimage\"},\"thumbnailUrl\":\"https:\\\/\\\/buendiaestudios.com\\\/wp-content\\\/uploads\\\/2021\\\/03\\\/LCDC_CAP01_170820_0476-scaled.jpg\",\"datePublished\":\"2021-03-24T17:37:35+00:00\",\"dateModified\":\"2025-11-20T11:49:47+00:00\",\"breadcrumb\":{\"@id\":\"https:\\\/\\\/buendiaestudios.com\\\/en\\\/about-us\\\/#breadcrumb\"},\"inLanguage\":\"en-US\",\"potentialAction\":[{\"@type\":\"ReadAction\",\"target\":[\"https:\\\/\\\/buendiaestudios.com\\\/en\\\/about-us\\\/\"]}]},{\"@type\":\"ImageObject\",\"inLanguage\":\"en-US\",\"@id\":\"https:\\\/\\\/buendiaestudios.com\\\/en\\\/about-us\\\/#primaryimage\",\"url\":\"https:\\\/\\\/buendiaestudios.com\\\/wp-content\\\/uploads\\\/2021\\\/03\\\/LCDC_CAP01_170820_0476-scaled.jpg\",\"contentUrl\":\"https:\\\/\\\/buendiaestudios.com\\\/wp-content\\\/uploads\\\/2021\\\/03\\\/LCDC_CAP01_170820_0476-scaled.jpg\",\"width\":2048,\"height\":1152},{\"@type\":\"BreadcrumbList\",\"@id\":\"https:\\\/\\\/buendiaestudios.com\\\/en\\\/about-us\\\/#breadcrumb\",\"itemListElement\":[{\"@type\":\"ListItem\",\"position\":1,\"name\":\"Portada\",\"item\":\"https:\\\/\\\/buendiaestudios.com\\\/en\\\/\"},{\"@type\":\"ListItem\",\"position\":2,\"name\":\"About us\"}]},{\"@type\":\"WebSite\",\"@id\":\"https:\\\/\\\/buendiaestudios.com\\\/#website\",\"url\":\"https:\\\/\\\/buendiaestudios.com\\\/\",\"name\":\"Buend\u00eda Estudios\",\"description\":\"BUEND\u00cdA ESTUDIOS is an independent production company of audiovisual content created by ATRESMEDIA and TELEFONICA (through Movistar+), in a strategic alliance.\",\"publisher\":{\"@id\":\"https:\\\/\\\/buendiaestudios.com\\\/#organization\"},\"potentialAction\":[{\"@type\":\"SearchAction\",\"target\":{\"@type\":\"EntryPoint\",\"urlTemplate\":\"https:\\\/\\\/buendiaestudios.com\\\/?s={search_term_string}\"},\"query-input\":{\"@type\":\"PropertyValueSpecification\",\"valueRequired\":true,\"valueName\":\"search_term_string\"}}],\"inLanguage\":\"en-US\"},{\"@type\":\"Organization\",\"@id\":\"https:\\\/\\\/buendiaestudios.com\\\/#organization\",\"name\":\"Buend\u00eda Estudios\",\"url\":\"https:\\\/\\\/buendiaestudios.com\\\/\",\"logo\":{\"@type\":\"ImageObject\",\"inLanguage\":\"en-US\",\"@id\":\"https:\\\/\\\/buendiaestudios.com\\\/#\\\/schema\\\/logo\\\/image\\\/\",\"url\":\"https:\\\/\\\/buendiaestudios.com\\\/wp-content\\\/uploads\\\/2021\\\/02\\\/logo-buendia-estudios.jpg\",\"contentUrl\":\"https:\\\/\\\/buendiaestudios.com\\\/wp-content\\\/uploads\\\/2021\\\/02\\\/logo-buendia-estudios.jpg\",\"width\":988,\"height\":325,\"caption\":\"Buend\u00eda Estudios\"},\"image\":{\"@id\":\"https:\\\/\\\/buendiaestudios.com\\\/#\\\/schema\\\/logo\\\/image\\\/\"},\"sameAs\":[\"https:\\\/\\\/www.facebook.com\\\/buendiaestudios\",\"https:\\\/\\\/x.com\\\/BuendiaEstudios\",\"https:\\\/\\\/www.instagram.com\\\/buendiaestudios\\\/\",\"https:\\\/\\\/www.linkedin.com\\\/company\\\/buend\u00eda-estudios\\\/\"]}]}<\/script>\n<!-- \/ Yoast SEO plugin. -->","yoast_head_json":{"title":"About us - Buend\u00eda Estudios","robots":{"index":"index","follow":"follow","max-snippet":"max-snippet:-1","max-image-preview":"max-image-preview:large","max-video-preview":"max-video-preview:-1"},"canonical":"https:\/\/buendiaestudios.com\/en\/about-us\/","og_locale":"en_US","og_type":"article","og_title":"About us - Buend\u00eda Estudios","og_url":"https:\/\/buendiaestudios.com\/en\/about-us\/","og_site_name":"Buend\u00eda Estudios","article_publisher":"https:\/\/www.facebook.com\/buendiaestudios","article_modified_time":"2025-11-20T11:49:47+00:00","og_image":[{"width":2048,"height":1152,"url":"https:\/\/buendiaestudios.com\/media\/2021\/03\/LCDC_CAP01_170820_0476-scaled.jpg","type":"image\/jpeg"}],"twitter_card":"summary_large_image","twitter_site":"@BuendiaEstudios","twitter_misc":{"Est. reading time":"1 minute"},"schema":{"@context":"https:\/\/schema.org","@graph":[{"@type":"WebPage","@id":"https:\/\/buendiaestudios.com\/en\/about-us\/","url":"https:\/\/buendiaestudios.com\/en\/about-us\/","name":"About us - Buend\u00eda Estudios","isPartOf":{"@id":"https:\/\/buendiaestudios.com\/#website"},"primaryImageOfPage":{"@id":"https:\/\/buendiaestudios.com\/en\/about-us\/#primaryimage"},"image":{"@id":"https:\/\/buendiaestudios.com\/en\/about-us\/#primaryimage"},"thumbnailUrl":"https:\/\/buendiaestudios.com\/media\/2021\/03\/LCDC_CAP01_170820_0476-scaled.jpg","datePublished":"2021-03-24T17:37:35+00:00","dateModified":"2025-11-20T11:49:47+00:00","breadcrumb":{"@id":"https:\/\/buendiaestudios.com\/en\/about-us\/#breadcrumb"},"inLanguage":"en-US","potentialAction":[{"@type":"ReadAction","target":["https:\/\/buendiaestudios.com\/en\/about-us\/"]}]},{"@type":"ImageObject","inLanguage":"en-US","@id":"https:\/\/buendiaestudios.com\/en\/about-us\/#primaryimage","url":"https:\/\/buendiaestudios.com\/media\/2021\/03\/LCDC_CAP01_170820_0476-scaled.jpg","contentUrl":"https:\/\/buendiaestudios.com\/media\/2021\/03\/LCDC_CAP01_170820_0476-scaled.jpg","width":2048,"height":1152},{"@type":"BreadcrumbList","@id":"https:\/\/buendiaestudios.com\/en\/about-us\/#breadcrumb","itemListElement":[{"@type":"ListItem","position":1,"name":"Portada","item":"https:\/\/buendiaestudios.com\/en\/"},{"@type":"ListItem","position":2,"name":"About us"}]},{"@type":"WebSite","@id":"https:\/\/buendiaestudios.com\/#website","url":"https:\/\/buendiaestudios.com\/","name":"Buend\u00eda Estudios","description":"BUEND\u00cdA ESTUDIOS is an independent production company of audiovisual content created by ATRESMEDIA and TELEFONICA (through Movistar+), in a strategic alliance.","publisher":{"@id":"https:\/\/buendiaestudios.com\/#organization"},"potentialAction":[{"@type":"SearchAction","target":{"@type":"EntryPoint","urlTemplate":"https:\/\/buendiaestudios.com\/?s={search_term_string}"},"query-input":{"@type":"PropertyValueSpecification","valueRequired":true,"valueName":"search_term_string"}}],"inLanguage":"en-US"},{"@type":"Organization","@id":"https:\/\/buendiaestudios.com\/#organization","name":"Buend\u00eda Estudios","url":"https:\/\/buendiaestudios.com\/","logo":{"@type":"ImageObject","inLanguage":"en-US","@id":"https:\/\/buendiaestudios.com\/#\/schema\/logo\/image\/","url":"https:\/\/buendiaestudios.com\/media\/2021\/02\/logo-buendia-estudios.jpg","contentUrl":"https:\/\/buendiaestudios.com\/media\/2021\/02\/logo-buendia-estudios.jpg","width":988,"height":325,"caption":"Buend\u00eda Estudios"},"image":{"@id":"https:\/\/buendiaestudios.com\/#\/schema\/logo\/image\/"},"sameAs":["https:\/\/www.facebook.com\/buendiaestudios","https:\/\/x.com\/BuendiaEstudios","https:\/\/www.instagram.com\/buendiaestudios\/","https:\/\/www.linkedin.com\/company\/buend\u00eda-estudios\/"]}]}},"_links":{"self":[{"href":"https:\/\/buendiaestudios.com\/en\/wp-json\/wp\/v2\/pages\/962","targetHints":{"allow":["GET"]}}],"collection":[{"href":"https:\/\/buendiaestudios.com\/en\/wp-json\/wp\/v2\/pages"}],"about":[{"href":"https:\/\/buendiaestudios.com\/en\/wp-json\/wp\/v2\/types\/page"}],"author":[{"embeddable":true,"href":"https:\/\/buendiaestudios.com\/en\/wp-json\/wp\/v2\/users\/1"}],"replies":[{"embeddable":true,"href":"https:\/\/buendiaestudios.com\/en\/wp-json\/wp\/v2\/comments?post=962"}],"version-history":[{"count":105,"href":"https:\/\/buendiaestudios.com\/en\/wp-json\/wp\/v2\/pages\/962\/revisions"}],"predecessor-version":[{"id":5088,"href":"https:\/\/buendiaestudios.com\/en\/wp-json\/wp\/v2\/pages\/962\/revisions\/5088"}],"wp:featuredmedia":[{"embeddable":true,"href":"https:\/\/buendiaestudios.com\/en\/wp-json\/wp\/v2\/media\/910"}],"wp:attachment":[{"href":"https:\/\/buendiaestudios.com\/en\/wp-json\/wp\/v2\/media?parent=962"}],"curies":[{"name":"wp","href":"https:\/\/api.w.org\/{rel}","templated":true}]}}